{"id":1846,"date":"2017-07-30T11:21:45","date_gmt":"2017-07-30T15:21:45","guid":{"rendered":"https:\/\/cliniquespectrum.com\/career-opportunities\/"},"modified":"2019-02-10T12:59:54","modified_gmt":"2019-02-10T17:59:54","slug":"perspectives-emploi","status":"publish","type":"page","link":"https:\/\/cliniquespectrum.com\/fr\/perspectives-emploi\/","title":{"rendered":"Perspectives d\u2019emploi"},"content":{"rendered":"<p>[et_pb_section fb_built=\u00a0\u00bb1&Prime; _builder_version=\u00a0\u00bb3.0.47&Prime;][et_pb_row _builder_version=\u00a0\u00bb3.0.48&Prime; background_size=\u00a0\u00bbinitial\u00a0\u00bb background_position=\u00a0\u00bbtop_left\u00a0\u00bb background_repeat=\u00a0\u00bbrepeat\u00a0\u00bb][et_pb_column type=\u00a0\u00bb4_4&Prime; _builder_version=\u00a0\u00bb3.0.47&Prime;][et_pb_text _builder_version=\u00a0\u00bb3.19.13&Prime; border_style=\u00a0\u00bbsolid\u00a0\u00bb]<\/p>\n<h1>Perspectives d\u2019emploi<\/h1>\n<p>\n<div class=\"wpcf7 no-js\" id=\"wpcf7-f1856-o1\" lang=\"fr-FR\" dir=\"ltr\" data-wpcf7-id=\"1856\">\n<div class=\"screen-reader-response\"><p role=\"status\" aria-live=\"polite\" aria-atomic=\"true\"><\/p> <ul><\/ul><\/div>\n<form action=\"\/fr\/wp-json\/wp\/v2\/pages\/1846#wpcf7-f1856-o1\" method=\"post\" class=\"wpcf7-form init\" aria-label=\"Formulaire de contact\" enctype=\"multipart\/form-data\" novalidate=\"novalidate\" data-status=\"init\">\n<fieldset class=\"hidden-fields-container\"><input type=\"hidden\" name=\"_wpcf7\" value=\"1856\" \/><input type=\"hidden\" name=\"_wpcf7_version\" value=\"6.1.5\" \/><input type=\"hidden\" name=\"_wpcf7_locale\" value=\"fr_FR\" \/><input type=\"hidden\" name=\"_wpcf7_unit_tag\" value=\"wpcf7-f1856-o1\" \/><input type=\"hidden\" name=\"_wpcf7_container_post\" value=\"0\" \/><input type=\"hidden\" name=\"_wpcf7_posted_data_hash\" value=\"\" \/>\n<\/fieldset>\n<div class=\"et_pb_contact\">\n\t<p class=\"et_pb_contact_field_half\"><br \/>\n<span class=\"wpcf7-form-control-wrap\" data-name=\"first-name\"><input size=\"40\" maxlength=\"400\" class=\"wpcf7-form-control wpcf7-text wpcf7-validates-as-required\" aria-required=\"true\" aria-invalid=\"false\" placeholder=\"Pr\u00e9nom : (requis)\" value=\"\" type=\"text\" name=\"first-name\" \/><\/span>\n\t<\/p>\n\t<p class=\"et_pb_contact_field_half second\"><br \/>\n<span class=\"wpcf7-form-control-wrap\" data-name=\"last-name\"><input size=\"40\" maxlength=\"400\" class=\"wpcf7-form-control wpcf7-text wpcf7-validates-as-required\" aria-required=\"true\" aria-invalid=\"false\" placeholder=\"Nom de famille : (requis)\" value=\"\" type=\"text\" name=\"last-name\" \/><\/span>\n\t<\/p>\n\t<p class=\"et_pb_contact_field_half\"><br \/>\n<span class=\"wpcf7-form-control-wrap\" data-name=\"your-email\"><input size=\"40\" maxlength=\"400\" class=\"wpcf7-form-control wpcf7-email wpcf7-validates-as-required wpcf7-text wpcf7-validates-as-email\" aria-required=\"true\" aria-invalid=\"false\" placeholder=\"Courriel : (requis)\" value=\"\" type=\"email\" name=\"your-email\" \/><\/span>\n\t<\/p>\n\t<p class=\"et_pb_contact_field_half second\"><br \/>\n<span class=\"wpcf7-form-control-wrap\" data-name=\"tel-5\"><input size=\"40\" maxlength=\"400\" class=\"wpcf7-form-control wpcf7-tel wpcf7-validates-as-required wpcf7-text wpcf7-validates-as-tel\" aria-required=\"true\" aria-invalid=\"false\" placeholder=\"Num\u00e9ro de t\u00e9l\u00e9phone : (requis)\" value=\"\" type=\"tel\" name=\"tel-5\" \/><\/span>\n\t<\/p>\n\t<p><br \/>\n<span class=\"wpcf7-form-control-wrap\" data-name=\"skills\"><textarea cols=\"40\" rows=\"10\" maxlength=\"2000\" class=\"wpcf7-form-control wpcf7-textarea\" aria-invalid=\"false\" placeholder=\"Quelles sont vos comp\u00e9tences ?\" name=\"skills\"><\/textarea><\/span>\n\t<\/p>\n\t<p><br \/>\n<span class=\"wpcf7-form-control-wrap\" data-name=\"textarea-201\"><textarea cols=\"40\" rows=\"10\" maxlength=\"2000\" class=\"wpcf7-form-control wpcf7-textarea\" aria-invalid=\"false\" placeholder=\"Comment avez-vous entendu parler de nous?\" name=\"textarea-201\"><\/textarea><\/span>\n\t<\/p>\n\t<p>Pri\u00e8re de joindre votre CV et une courte lettre de pr\u00e9sentation :\n\t<\/p>\n\t<p><span class=\"wpcf7-form-control-wrap\" data-name=\"file-upload\"><input size=\"40\" class=\"wpcf7-form-control wpcf7-file wpcf7-validates-as-required\" accept=\".doc,.docx,.pdf,.txt,.odt\" aria-required=\"true\" aria-invalid=\"false\" type=\"file\" name=\"file-upload\" \/><\/span><br \/>\n<span class=\"wpcf7-form-control-wrap\" data-name=\"second-file-upload\"><input size=\"40\" class=\"wpcf7-form-control wpcf7-file wpcf7-validates-as-required\" accept=\".doc,.docx,.pdf,.txt,.odt\" aria-required=\"true\" aria-invalid=\"false\" type=\"file\" name=\"second-file-upload\" \/><\/span>\n\t<\/p>\n\t<div>\n\t\t<p><input class=\"wpcf7-form-control wpcf7-submit has-spinner\" type=\"submit\" value=\"Soumettre\" \/>\n\t\t<\/p>\n\t<\/div>\n<\/div><p style=\"display: none !important;\" class=\"akismet-fields-container\" data-prefix=\"_wpcf7_ak_\"><label>&#916;<textarea name=\"_wpcf7_ak_hp_textarea\" cols=\"45\" rows=\"8\" maxlength=\"100\"><\/textarea><\/label><input type=\"hidden\" id=\"ak_js_1\" name=\"_wpcf7_ak_js\" value=\"15\"\/><script>document.getElementById( \"ak_js_1\" ).setAttribute( \"value\", ( new Date() ).getTime() );<\/script><\/p><div class=\"wpcf7-response-output\" aria-hidden=\"true\"><\/div>\n<\/form>\n<\/div>\n[\/et_pb_text][\/et_pb_column][\/et_pb_row][\/et_pb_section]<\/p>\n","protected":false},"excerpt":{"rendered":"<p>Perspectives d\u2019emploi \n<div class=\"wpcf7 no-js\" id=\"wpcf7-f1856-o2\" lang=\"fr-FR\" dir=\"ltr\" data-wpcf7-id=\"1856\">\n<div class=\"screen-reader-response\"><p role=\"status\" aria-live=\"polite\" aria-atomic=\"true\"><\/p> <ul><\/ul><\/div>\n<form action=\"\/fr\/wp-json\/wp\/v2\/pages\/1846#wpcf7-f1856-o2\" method=\"post\" class=\"wpcf7-form init\" aria-label=\"Formulaire de contact\" enctype=\"multipart\/form-data\" novalidate=\"novalidate\" data-status=\"init\">\n<fieldset class=\"hidden-fields-container\"><input type=\"hidden\" name=\"_wpcf7\" value=\"1856\" \/><input type=\"hidden\" name=\"_wpcf7_version\" value=\"6.1.5\" \/><input type=\"hidden\" name=\"_wpcf7_locale\" value=\"fr_FR\" \/><input type=\"hidden\" name=\"_wpcf7_unit_tag\" value=\"wpcf7-f1856-o2\" \/><input type=\"hidden\" name=\"_wpcf7_container_post\" value=\"0\" \/><input type=\"hidden\" name=\"_wpcf7_posted_data_hash\" value=\"\" \/>\n<\/fieldset>\n<div class=\"et_pb_contact\">\n\t<p class=\"et_pb_contact_field_half\"><br \/>\n<span class=\"wpcf7-form-control-wrap\" data-name=\"first-name\"><input size=\"40\" maxlength=\"400\" class=\"wpcf7-form-control wpcf7-text wpcf7-validates-as-required\" aria-required=\"true\" aria-invalid=\"false\" placeholder=\"Pr\u00e9nom : (requis)\" value=\"\" type=\"text\" name=\"first-name\" \/><\/span>\n\t<\/p>\n\t<p class=\"et_pb_contact_field_half second\"><br \/>\n<span class=\"wpcf7-form-control-wrap\" data-name=\"last-name\"><input size=\"40\" maxlength=\"400\" class=\"wpcf7-form-control wpcf7-text wpcf7-validates-as-required\" aria-required=\"true\" aria-invalid=\"false\" placeholder=\"Nom de famille : (requis)\" value=\"\" type=\"text\" name=\"last-name\" \/><\/span>\n\t<\/p>\n\t<p class=\"et_pb_contact_field_half\"><br \/>\n<span class=\"wpcf7-form-control-wrap\" data-name=\"your-email\"><input size=\"40\" maxlength=\"400\" class=\"wpcf7-form-control wpcf7-email wpcf7-validates-as-required wpcf7-text wpcf7-validates-as-email\" aria-required=\"true\" aria-invalid=\"false\" placeholder=\"Courriel : (requis)\" value=\"\" type=\"email\" name=\"your-email\" \/><\/span>\n\t<\/p>\n\t<p class=\"et_pb_contact_field_half second\"><br \/>\n<span class=\"wpcf7-form-control-wrap\" data-name=\"tel-5\"><input size=\"40\" maxlength=\"400\" class=\"wpcf7-form-control wpcf7-tel wpcf7-validates-as-required wpcf7-text wpcf7-validates-as-tel\" aria-required=\"true\" aria-invalid=\"false\" placeholder=\"Num\u00e9ro de t\u00e9l\u00e9phone : (requis)\" value=\"\" type=\"tel\" name=\"tel-5\" \/><\/span>\n\t<\/p>\n\t<p><br \/>\n<span class=\"wpcf7-form-control-wrap\" data-name=\"skills\"><textarea cols=\"40\" rows=\"10\" maxlength=\"2000\" class=\"wpcf7-form-control wpcf7-textarea\" aria-invalid=\"false\" placeholder=\"Quelles sont vos comp\u00e9tences ?\" name=\"skills\"><\/textarea><\/span>\n\t<\/p>\n\t<p><br \/>\n<span class=\"wpcf7-form-control-wrap\" data-name=\"textarea-201\"><textarea cols=\"40\" rows=\"10\" maxlength=\"2000\" class=\"wpcf7-form-control wpcf7-textarea\" aria-invalid=\"false\" placeholder=\"Comment avez-vous entendu parler de nous?\" name=\"textarea-201\"><\/textarea><\/span>\n\t<\/p>\n\t<p>Pri\u00e8re de joindre votre CV et une courte lettre de pr\u00e9sentation :\n\t<\/p>\n\t<p><span class=\"wpcf7-form-control-wrap\" data-name=\"file-upload\"><input size=\"40\" class=\"wpcf7-form-control wpcf7-file wpcf7-validates-as-required\" accept=\".doc,.docx,.pdf,.txt,.odt\" aria-required=\"true\" aria-invalid=\"false\" type=\"file\" name=\"file-upload\" \/><\/span><br \/>\n<span class=\"wpcf7-form-control-wrap\" data-name=\"second-file-upload\"><input size=\"40\" class=\"wpcf7-form-control wpcf7-file wpcf7-validates-as-required\" accept=\".doc,.docx,.pdf,.txt,.odt\" aria-required=\"true\" aria-invalid=\"false\" type=\"file\" name=\"second-file-upload\" \/><\/span>\n\t<\/p>\n\t<div>\n\t\t<p><input class=\"wpcf7-form-control wpcf7-submit has-spinner\" type=\"submit\" value=\"Soumettre\" \/>\n\t\t<\/p>\n\t<\/div>\n<\/div><p style=\"display: none !important;\" class=\"akismet-fields-container\" data-prefix=\"_wpcf7_ak_\"><label>&#916;<textarea name=\"_wpcf7_ak_hp_textarea\" cols=\"45\" rows=\"8\" maxlength=\"100\"><\/textarea><\/label><input type=\"hidden\" id=\"ak_js_2\" name=\"_wpcf7_ak_js\" value=\"211\"\/><script>document.getElementById( \"ak_js_2\" ).setAttribute( \"value\", ( new Date() ).getTime() );<\/script><\/p><div class=\"wpcf7-response-output\" aria-hidden=\"true\"><\/div>\n<\/form>\n<\/div>\n<\/p>\n","protected":false},"author":1,"featured_media":0,"parent":0,"menu_order":1,"comment_status":"closed","ping_status":"closed","template":"","meta":{"_et_pb_use_builder":"on","_et_pb_old_content":"","_et_gb_content_width":"","footnotes":""},"class_list":["post-1846","page","type-page","status-publish","hentry"],"yoast_head":"<!-- This site is optimized with the Yoast SEO plugin v27.3 - https:\/\/yoast.com\/product\/yoast-seo-wordpress\/ -->\n<title>Perspectives d\u2019emploi - Clinique Spectrum<\/title>\n<meta name=\"robots\" content=\"index, follow, max-snippet:-1, max-image-preview:large, max-video-preview:-1\" \/>\n<link rel=\"canonical\" href=\"https:\/\/cliniquespectrum.com\/career-opportunities\/\" \/>\n<meta property=\"og:locale\" content=\"fr_FR\" \/>\n<meta property=\"og:type\" content=\"article\" \/>\n<meta property=\"og:title\" content=\"Perspectives d\u2019emploi - Clinique Spectrum\" \/>\n<meta property=\"og:description\" content=\"Perspectives d\u2019emploi\" \/>\n<meta property=\"og:url\" content=\"https:\/\/cliniquespectrum.com\/career-opportunities\/\" \/>\n<meta property=\"og:site_name\" content=\"Clinique Spectrum\" \/>\n<meta property=\"article:publisher\" content=\"https:\/\/www.facebook.com\/CliniqueSpectrum\/\" \/>\n<meta property=\"article:modified_time\" content=\"2019-02-10T17:59:54+00:00\" \/>\n<meta property=\"og:image\" content=\"https:\/\/cliniquespectrum.com\/wp-content\/uploads\/2020\/08\/l_clinique_spectrum_bil_RGB.jpg\" \/>\n\t<meta property=\"og:image:width\" content=\"504\" \/>\n\t<meta property=\"og:image:height\" content=\"216\" \/>\n\t<meta property=\"og:image:type\" content=\"image\/jpeg\" \/>\n<meta name=\"twitter:card\" content=\"summary_large_image\" \/>\n<script type=\"application\/ld+json\" class=\"yoast-schema-graph\">{\"@context\":\"https:\\\/\\\/schema.org\",\"@graph\":[{\"@type\":\"WebPage\",\"@id\":\"https:\\\/\\\/cliniquespectrum.com\\\/career-opportunities\\\/\",\"url\":\"https:\\\/\\\/cliniquespectrum.com\\\/career-opportunities\\\/\",\"name\":\"Perspectives d\u2019emploi - Clinique Spectrum\",\"isPartOf\":{\"@id\":\"https:\\\/\\\/cliniquespectrum.com\\\/#website\"},\"datePublished\":\"2017-07-30T15:21:45+00:00\",\"dateModified\":\"2019-02-10T17:59:54+00:00\",\"breadcrumb\":{\"@id\":\"https:\\\/\\\/cliniquespectrum.com\\\/career-opportunities\\\/#breadcrumb\"},\"inLanguage\":\"fr-FR\",\"potentialAction\":[{\"@type\":\"ReadAction\",\"target\":[\"https:\\\/\\\/cliniquespectrum.com\\\/career-opportunities\\\/\"]}]},{\"@type\":\"BreadcrumbList\",\"@id\":\"https:\\\/\\\/cliniquespectrum.com\\\/career-opportunities\\\/#breadcrumb\",\"itemListElement\":[{\"@type\":\"ListItem\",\"position\":1,\"name\":\"Home\",\"item\":\"https:\\\/\\\/cliniquespectrum.com\\\/fr\\\/\"},{\"@type\":\"ListItem\",\"position\":2,\"name\":\"Perspectives d\u2019emploi\"}]},{\"@type\":\"WebSite\",\"@id\":\"https:\\\/\\\/cliniquespectrum.com\\\/#website\",\"url\":\"https:\\\/\\\/cliniquespectrum.com\\\/\",\"name\":\"Clinique Spectrum\",\"description\":\"dev site\",\"publisher\":{\"@id\":\"https:\\\/\\\/cliniquespectrum.com\\\/#organization\"},\"potentialAction\":[{\"@type\":\"SearchAction\",\"target\":{\"@type\":\"EntryPoint\",\"urlTemplate\":\"https:\\\/\\\/cliniquespectrum.com\\\/?s={search_term_string}\"},\"query-input\":{\"@type\":\"PropertyValueSpecification\",\"valueRequired\":true,\"valueName\":\"search_term_string\"}}],\"inLanguage\":\"fr-FR\"},{\"@type\":\"Organization\",\"@id\":\"https:\\\/\\\/cliniquespectrum.com\\\/#organization\",\"name\":\"Clinique Spectrum\",\"url\":\"https:\\\/\\\/cliniquespectrum.com\\\/\",\"logo\":{\"@type\":\"ImageObject\",\"inLanguage\":\"fr-FR\",\"@id\":\"https:\\\/\\\/cliniquespectrum.com\\\/#\\\/schema\\\/logo\\\/image\\\/\",\"url\":\"https:\\\/\\\/i2.wp.com\\\/cliniquespectrum.com\\\/wp-content\\\/uploads\\\/2018\\\/12\\\/clinique-spectrum-logo-1.jpg?fit=412%2C93&ssl=1\",\"contentUrl\":\"https:\\\/\\\/i2.wp.com\\\/cliniquespectrum.com\\\/wp-content\\\/uploads\\\/2018\\\/12\\\/clinique-spectrum-logo-1.jpg?fit=412%2C93&ssl=1\",\"width\":412,\"height\":93,\"caption\":\"Clinique Spectrum\"},\"image\":{\"@id\":\"https:\\\/\\\/cliniquespectrum.com\\\/#\\\/schema\\\/logo\\\/image\\\/\"},\"sameAs\":[\"https:\\\/\\\/www.facebook.com\\\/CliniqueSpectrum\\\/\"]}]}<\/script>\n<!-- \/ Yoast SEO plugin. -->","yoast_head_json":{"title":"Perspectives d\u2019emploi - Clinique Spectrum","robots":{"index":"index","follow":"follow","max-snippet":"max-snippet:-1","max-image-preview":"max-image-preview:large","max-video-preview":"max-video-preview:-1"},"canonical":"https:\/\/cliniquespectrum.com\/career-opportunities\/","og_locale":"fr_FR","og_type":"article","og_title":"Perspectives d\u2019emploi - Clinique Spectrum","og_description":"Perspectives d\u2019emploi","og_url":"https:\/\/cliniquespectrum.com\/career-opportunities\/","og_site_name":"Clinique Spectrum","article_publisher":"https:\/\/www.facebook.com\/CliniqueSpectrum\/","article_modified_time":"2019-02-10T17:59:54+00:00","og_image":[{"width":504,"height":216,"url":"https:\/\/cliniquespectrum.com\/wp-content\/uploads\/2020\/08\/l_clinique_spectrum_bil_RGB.jpg","type":"image\/jpeg"}],"twitter_card":"summary_large_image","schema":{"@context":"https:\/\/schema.org","@graph":[{"@type":"WebPage","@id":"https:\/\/cliniquespectrum.com\/career-opportunities\/","url":"https:\/\/cliniquespectrum.com\/career-opportunities\/","name":"Perspectives d\u2019emploi - Clinique Spectrum","isPartOf":{"@id":"https:\/\/cliniquespectrum.com\/#website"},"datePublished":"2017-07-30T15:21:45+00:00","dateModified":"2019-02-10T17:59:54+00:00","breadcrumb":{"@id":"https:\/\/cliniquespectrum.com\/career-opportunities\/#breadcrumb"},"inLanguage":"fr-FR","potentialAction":[{"@type":"ReadAction","target":["https:\/\/cliniquespectrum.com\/career-opportunities\/"]}]},{"@type":"BreadcrumbList","@id":"https:\/\/cliniquespectrum.com\/career-opportunities\/#breadcrumb","itemListElement":[{"@type":"ListItem","position":1,"name":"Home","item":"https:\/\/cliniquespectrum.com\/fr\/"},{"@type":"ListItem","position":2,"name":"Perspectives d\u2019emploi"}]},{"@type":"WebSite","@id":"https:\/\/cliniquespectrum.com\/#website","url":"https:\/\/cliniquespectrum.com\/","name":"Clinique Spectrum","description":"dev site","publisher":{"@id":"https:\/\/cliniquespectrum.com\/#organization"},"potentialAction":[{"@type":"SearchAction","target":{"@type":"EntryPoint","urlTemplate":"https:\/\/cliniquespectrum.com\/?s={search_term_string}"},"query-input":{"@type":"PropertyValueSpecification","valueRequired":true,"valueName":"search_term_string"}}],"inLanguage":"fr-FR"},{"@type":"Organization","@id":"https:\/\/cliniquespectrum.com\/#organization","name":"Clinique Spectrum","url":"https:\/\/cliniquespectrum.com\/","logo":{"@type":"ImageObject","inLanguage":"fr-FR","@id":"https:\/\/cliniquespectrum.com\/#\/schema\/logo\/image\/","url":"https:\/\/i2.wp.com\/cliniquespectrum.com\/wp-content\/uploads\/2018\/12\/clinique-spectrum-logo-1.jpg?fit=412%2C93&ssl=1","contentUrl":"https:\/\/i2.wp.com\/cliniquespectrum.com\/wp-content\/uploads\/2018\/12\/clinique-spectrum-logo-1.jpg?fit=412%2C93&ssl=1","width":412,"height":93,"caption":"Clinique Spectrum"},"image":{"@id":"https:\/\/cliniquespectrum.com\/#\/schema\/logo\/image\/"},"sameAs":["https:\/\/www.facebook.com\/CliniqueSpectrum\/"]}]}},"_links":{"self":[{"href":"https:\/\/cliniquespectrum.com\/fr\/wp-json\/wp\/v2\/pages\/1846","targetHints":{"allow":["GET"]}}],"collection":[{"href":"https:\/\/cliniquespectrum.com\/fr\/wp-json\/wp\/v2\/pages"}],"about":[{"href":"https:\/\/cliniquespectrum.com\/fr\/wp-json\/wp\/v2\/types\/page"}],"author":[{"embeddable":true,"href":"https:\/\/cliniquespectrum.com\/fr\/wp-json\/wp\/v2\/users\/1"}],"replies":[{"embeddable":true,"href":"https:\/\/cliniquespectrum.com\/fr\/wp-json\/wp\/v2\/comments?post=1846"}],"version-history":[{"count":4,"href":"https:\/\/cliniquespectrum.com\/fr\/wp-json\/wp\/v2\/pages\/1846\/revisions"}],"predecessor-version":[{"id":1857,"href":"https:\/\/cliniquespectrum.com\/fr\/wp-json\/wp\/v2\/pages\/1846\/revisions\/1857"}],"wp:attachment":[{"href":"https:\/\/cliniquespectrum.com\/fr\/wp-json\/wp\/v2\/media?parent=1846"}],"curies":[{"name":"wp","href":"https:\/\/api.w.org\/{rel}","templated":true}]}}