{"id":8098,"date":"2025-04-09T12:17:26","date_gmt":"2025-04-09T16:17:26","guid":{"rendered":"https:\/\/cliniquespectrum.com\/?page_id=8098"},"modified":"2026-03-02T12:33:29","modified_gmt":"2026-03-02T17:33:29","slug":"evaluation-du-trouble-du-spectre-de-lautisme-chez-les-jeunes","status":"publish","type":"page","link":"https:\/\/cliniquespectrum.com\/fr\/evaluation-du-trouble-du-spectre-de-lautisme-chez-les-jeunes\/","title":{"rendered":"L\u2019annonce du diagnostic et les recommandations dans l\u2019\u00e9valuation du trouble du spectre de l\u2019autisme chez les jeunes\u00a0"},"content":{"rendered":"<p>[et_pb_section fb_built=\u00a0\u00bb1&Prime; module_class=\u00a0\u00bbtraining\u00a0\u00bb _builder_version=\u00a0\u00bb4.16&Prime; global_colors_info=\u00a0\u00bb{}\u00a0\u00bb][et_pb_row column_structure=\u00a0\u00bb2_3,1_3&Prime; _builder_version=\u00a0\u00bb4.16&Prime; custom_margin=\u00a0\u00bb||0px||false|false\u00a0\u00bb custom_padding=\u00a0\u00bb||0px||false|false\u00a0\u00bb global_colors_info=\u00a0\u00bb{}\u00a0\u00bb][et_pb_column type=\u00a0\u00bb2_3&Prime; _builder_version=\u00a0\u00bb4.16&Prime; custom_padding=\u00a0\u00bb|||\u00a0\u00bb global_colors_info=\u00a0\u00bb{}\u00a0\u00bb custom_padding__hover=\u00a0\u00bb|||\u00a0\u00bb][et_pb_text admin_label=\u00a0\u00bbTitle and Training\u00a0\u00bb module_class=\u00a0\u00bbtitle\u00a0\u00bb _builder_version=\u00a0\u00bb4.27.5&Prime; header_line_height=\u00a0\u00bb1.6em\u00a0\u00bb header_2_line_height=\u00a0\u00bb1.2em\u00a0\u00bb custom_margin=\u00a0\u00bb||0px||false|false\u00a0\u00bb hover_enabled=\u00a0\u00bb0&Prime; global_colors_info=\u00a0\u00bb{}\u00a0\u00bb sticky_enabled=\u00a0\u00bb0&Prime;]<\/p>\n<h2><span class=\"red\">Atelier en ligne<\/span><br \/>L\u2019annonce du diagnostic et les recommandations dans l\u2019\u00e9valuation du trouble du spectre de l\u2019autisme chez les jeunes<\/h2>\n<p><strong>Date : <\/strong>Lundi 16 mars 2026, de 9h \u00e0 11h30 (2,5 heures)<br \/><strong>Format :<\/strong> En ligne<br \/><strong>Formatrice :<\/strong> <a href=\"https:\/\/cliniquespectrum.com\/fr\/equipe\/#Simon\">Dre Rebecca Simon<\/a><br \/><strong>Tarif :<\/strong> 250 $ CAD (plus TPS &amp; TVQ)<br \/><strong>Langue :<\/strong> Fran\u00e7ais<br \/><strong>Cr\u00e9dit de formation continue :<\/strong> 2,5 heures reconnues par l\u2019OPQ<\/p>\n<p>[\/et_pb_text][et_pb_button button_url=\u00a0\u00bbhttps:\/\/cliniquespectrum.com\/fr\/formulaire-de-demande-formation-evaluation-du-trouble-du-spectre-de-lautisme-chez-les-jeunes-mar26&Prime; button_text=\u00a0\u00bbPour vous inscrire\u00a0\u00bb disabled_on=\u00a0\u00bboff|off|off\u00a0\u00bb admin_label=\u00a0\u00bbPour vous inscrire\u00a0\u00bb _builder_version=\u00a0\u00bb4.27.5&Prime; _module_preset=\u00a0\u00bbdefault\u00a0\u00bb custom_margin=\u00a0\u00bb15px||||false|false\u00a0\u00bb hover_enabled=\u00a0\u00bb0&Prime; global_colors_info=\u00a0\u00bb{}\u00a0\u00bb sticky_enabled=\u00a0\u00bb0&Prime;][\/et_pb_button][et_pb_text admin_label=\u00a0\u00bbSeals\u00a0\u00bb _builder_version=\u00a0\u00bb4.27.4&Prime; _module_preset=\u00a0\u00bbdefault\u00a0\u00bb global_colors_info=\u00a0\u00bb{}\u00a0\u00bb]<img decoding=\"async\" src=\"https:\/\/cliniquespectrum.com\/wp-content\/uploads\/2022\/03\/OPQ-rectangle.jpg\" alt=\"18 hours of continuing education recognized by the Ordre des psychologues du Qu\u00e9bec\" class=\"alignleft\" style=\"margin-top: 16.5px;\" \/> <img loading=\"lazy\" decoding=\"async\" src=\"https:\/\/cliniquespectrum.com\/wp-content\/uploads\/2025\/04\/Seal-2.5-heures-OPQ.jpg\" alt=\"2.5 hours of continuing education recognized by the Ordre des psychologues du Qu\u00e9bec\" class=\"alignleft size-full\" width=\"120\" height=\"120\" \/> <span class=\"break\">2.5 heures de formation continue reconnues par l\u2019Ordre des psychologues du Qu\u00e9bec (l&rsquo;OPQ).<br \/>\n<\/span><\/p>\n<div class=\"clear\"><\/div>\n<p>[\/et_pb_text][et_pb_text admin_label=\u00a0\u00bbIntro text\u00a0\u00bb _builder_version=\u00a0\u00bb4.27.5&Prime; global_colors_info=\u00a0\u00bb{}\u00a0\u00bb]<\/p>\n<h3>Description de l\u2019atelier<\/h3>\n<p>Compte tenu de l\u2019impact et de l\u2019importance du diagnostic de TSA, il est essentiel que les parents comprennent clairement les conclusions et les recommandations du ou de la clinicien\u2022ne, lesquelles peuvent avoir une influence majeure sur le cheminement de l\u2019enfant. Les parents peuvent parfois \u00eatre r\u00e9ticents \u00e0 accepter un diagnostic de TSA ou avoir des raisons personnelles de souhaiter &#8211; ou non &#8211; un tel diagnostic pour leur enfant.<br \/>Cet atelier de 2,5 heures s\u2019adresse aux professionnel\u2022le\u2022s mandat\u00e9\u2022e\u2022s pour poser un diagnostic de TSA (psychologues et m\u00e9decins) et qui souhaitent obtenir des conseils pratiques pour :<\/p>\n<ul>\n<li>annoncer le diagnostic aux parents;<\/li>\n<li>r\u00e9pondre \u00e0 leurs questions;<\/li>\n<li>g\u00e9rer les situations de d\u00e9saccord;<\/li>\n<li>formuler des recommandations claires et pertinentes;<\/li>\n<li>orienter les familles vers les ressources et services appropri\u00e9s.<\/li>\n<\/ul>\n<p>Un <strong>certificat d\u2019attestation de participation<\/strong> sera remis \u00e0 la r\u00e9ussite de la formation.<\/p>\n<p>[\/et_pb_text][et_pb_text admin_label=\u00a0\u00bbObjectives\u00a0\u00bb _builder_version=\u00a0\u00bb4.27.5&Prime; global_colors_info=\u00a0\u00bb{}\u00a0\u00bb]<\/p>\n<h3>Objectifs de la formation<\/h3>\n<p>\u00c0 la fin de l\u2019atelier, les participant\u2022e\u2022s seront en mesure de :<\/p>\n<ul>\n<li>expliquer un diagnostic de TSA aux parents de fa\u00e7on claire et empathique;<\/li>\n<li>r\u00e9pondre efficacement aux questions lors de la rencontre de bilan d\u2019\u00e9valuation;<\/li>\n<li>intervenir lorsque les parents ne sont pas en accord avec la conclusion diagnostique;<\/li>\n<li>formuler des recommandations pertinentes \u00e0 la suite d\u2019un diagnostic de TSA;<\/li>\n<li>identifier les formulaires \u00e0 compl\u00e9ter et les r\u00e9f\u00e9rences appropri\u00e9es \u00e0 effectuer.<\/li>\n<\/ul>\n<p>[\/et_pb_text][et_pb_text admin_label=\u00a0\u00bbObjectives\u00a0\u00bb _builder_version=\u00a0\u00bb4.27.5&Prime; global_colors_info=\u00a0\u00bb{}\u00a0\u00bb]<\/p>\n<h3>Public cible<\/h3>\n<p>Cet atelier s\u2019adresse aux professionnels qui participent \u00e0 l\u2019\u00e9valuation diagnostique du TSA, et en particulier ceux qui ont le mandat d\u2019annoncer un diagnostic et de proposer des recommandations aux parents (ex., psychologues, m\u00e9decins\/psychiatres).[\/et_pb_text][et_pb_text admin_label=\u00a0\u00bbTrainers\u00a0\u00bb _builder_version=\u00a0\u00bb4.27.5&Prime; global_colors_info=\u00a0\u00bb{}\u00a0\u00bb]<\/p>\n<h3>Informations pratiques<\/h3>\n<p><strong>Mat\u00e9riel requis :<\/strong> Aucun<br \/>\n<strong>Pr\u00e9paration requise :<\/strong> Aucune[\/et_pb_text][et_pb_text admin_label=\u00a0\u00bbCancellation Policy\u00a0\u00bb _builder_version=\u00a0\u00bb4.27.5&Prime; global_colors_info=\u00a0\u00bb{}\u00a0\u00bb]<\/p>\n<h3>Politique d\u2019annulation<\/h3>\n<p>Les frais d\u2019inscription seront rembours\u00e9s en totalit\u00e9, moins des frais administratifs de 50 $, si la demande d\u2019annulation est re\u00e7ue au moins <strong>15 jours avant l\u2019\u00e9v\u00e9nement<\/strong>. Aucun remboursement ne sera accord\u00e9 pour une annulation effectu\u00e9e dans les <strong>15 jours pr\u00e9c\u00e9dant l\u2019\u00e9v\u00e9nement<\/strong>.<\/p>\n<p>Clinique Spectrum se r\u00e9serve le droit d\u2019annuler toute conf\u00e9rence, formation ou \u00e9v\u00e9nement en cas d\u2019inscriptions insuffisantes.<\/p>\n<p>[\/et_pb_text][et_pb_button button_url=\u00a0\u00bbhttps:\/\/cliniquespectrum.com\/fr\/formulaire-de-demande-formation-evaluation-du-trouble-du-spectre-de-lautisme-chez-les-jeunes-mar26&Prime; button_text=\u00a0\u00bbPour vous inscrire\u00a0\u00bb disabled_on=\u00a0\u00bboff|off|off\u00a0\u00bb admin_label=\u00a0\u00bbPour vous inscrire\u00a0\u00bb _builder_version=\u00a0\u00bb4.27.5&Prime; _module_preset=\u00a0\u00bbdefault\u00a0\u00bb hover_enabled=\u00a0\u00bb0&Prime; global_colors_info=\u00a0\u00bb{}\u00a0\u00bb sticky_enabled=\u00a0\u00bb0&Prime;][\/et_pb_button][\/et_pb_column][et_pb_column type=\u00a0\u00bb1_3&Prime; _builder_version=\u00a0\u00bb4.16&Prime; custom_padding=\u00a0\u00bb|||\u00a0\u00bb global_colors_info=\u00a0\u00bb{}\u00a0\u00bb custom_padding__hover=\u00a0\u00bb|||\u00a0\u00bb][et_pb_sidebar area=\u00a0\u00bbet_pb_widget_area_2&Prime; admin_label=\u00a0\u00bbSidebar\u00a0\u00bb _builder_version=\u00a0\u00bb4.16&Prime; global_colors_info=\u00a0\u00bb{}\u00a0\u00bb][\/et_pb_sidebar][et_pb_image src=\u00a0\u00bbhttps:\/\/cliniquespectrum.com\/wp-content\/uploads\/2026\/03\/Annonce-du-Dx-FR-Rebecca-16-Mars-2026-Nouvelle-date.jpg\u00a0\u00bb alt=\u00a0\u00bbL\u2019annonce du diagnostic et les recommandations dans l\u2019\u00e9valuation du trouble du spectre de l\u2019autisme chez les jeunes\u00a0\u00bb title_text=\u00a0\u00bbAnnonce du Dx FR Rebecca &#8211; 16 Mars 2026 &#8211; Nouvelle date\u00a0\u00bb show_in_lightbox=\u00a0\u00bbon\u00a0\u00bb align_tablet=\u00a0\u00bbcenter\u00a0\u00bb align_phone=\u00a0\u00bb\u00a0\u00bb align_last_edited=\u00a0\u00bbon|desktop\u00a0\u00bb admin_label=\u00a0\u00bbTraining Poster\u00a0\u00bb _builder_version=\u00a0\u00bb4.27.5&Prime; hover_enabled=\u00a0\u00bb0&Prime; global_colors_info=\u00a0\u00bb{}\u00a0\u00bb sticky_enabled=\u00a0\u00bb0&Prime;][\/et_pb_image][\/et_pb_column][\/et_pb_row][\/et_pb_section]<\/p>\n","protected":false},"excerpt":{"rendered":"<p>Atelier en ligneL\u2019annonce du diagnostic et les recommandations dans l\u2019\u00e9valuation du trouble du spectre de l\u2019autisme chez les jeunes Date : Lundi 16 mars 2026, de 9h \u00e0 11h30 (2,5 heures)Format : En ligneFormatrice : Dre Rebecca SimonTarif : 250 $ CAD (plus TPS &amp; TVQ)Langue : Fran\u00e7aisCr\u00e9dit de formation continue : 2,5 heures reconnues [&hellip;]<\/p>\n","protected":false},"author":1,"featured_media":12704,"parent":0,"menu_order":28,"comment_status":"closed","ping_status":"closed","template":"","meta":{"_et_pb_use_builder":"on","_et_pb_old_content":"","_et_gb_content_width":"","footnotes":""},"class_list":["post-8098","page","type-page","status-publish","has-post-thumbnail","hentry"],"yoast_head":"<!-- This site is optimized with the Yoast SEO plugin v27.3 - https:\/\/yoast.com\/product\/yoast-seo-wordpress\/ -->\n<title>L\u2019annonce du diagnostic et les recommandations dans l\u2019\u00e9valuation du trouble du spectre de l\u2019autisme chez les jeunes\u00a0 - Clinique Spectrum<\/title>\n<meta name=\"robots\" content=\"index, follow, max-snippet:-1, max-image-preview:large, max-video-preview:-1\" \/>\n<link rel=\"canonical\" href=\"https:\/\/cliniquespectrum.com\/fr\/evaluation-du-trouble-du-spectre-de-lautisme-chez-les-jeunes\/\" \/>\n<meta property=\"og:locale\" content=\"fr_FR\" \/>\n<meta property=\"og:type\" content=\"article\" \/>\n<meta property=\"og:title\" content=\"L\u2019annonce du diagnostic et les recommandations dans l\u2019\u00e9valuation du trouble du spectre de l\u2019autisme chez les jeunes\u00a0 - Clinique Spectrum\" \/>\n<meta property=\"og:description\" content=\"Atelier en ligneL\u2019annonce du diagnostic et les recommandations dans l\u2019\u00e9valuation du trouble du spectre de l\u2019autisme chez les jeunes Date : Lundi 16 mars 2026, de 9h \u00e0 11h30 (2,5 heures)Format : En ligneFormatrice : Dre Rebecca SimonTarif : 250 $ CAD (plus TPS &amp; TVQ)Langue : Fran\u00e7aisCr\u00e9dit de formation continue : 2,5 heures reconnues [&hellip;]\" \/>\n<meta property=\"og:url\" content=\"https:\/\/cliniquespectrum.com\/fr\/evaluation-du-trouble-du-spectre-de-lautisme-chez-les-jeunes\/\" \/>\n<meta property=\"og:site_name\" content=\"Clinique Spectrum\" \/>\n<meta property=\"article:publisher\" content=\"https:\/\/www.facebook.com\/CliniqueSpectrum\/\" \/>\n<meta property=\"article:modified_time\" content=\"2026-03-02T17:33:29+00:00\" \/>\n<meta property=\"og:image\" content=\"https:\/\/cliniquespectrum.com\/wp-content\/uploads\/2026\/03\/Annonce-du-Dx-FR-Rebecca-16-Mars-2026-Nouvelle-date.jpg\" \/>\n\t<meta property=\"og:image:width\" content=\"800\" \/>\n\t<meta property=\"og:image:height\" content=\"800\" \/>\n\t<meta property=\"og:image:type\" content=\"image\/jpeg\" \/>\n<meta name=\"twitter:card\" content=\"summary_large_image\" \/>\n<meta name=\"twitter:label1\" content=\"Dur\u00e9e de lecture estim\u00e9e\" \/>\n\t<meta name=\"twitter:data1\" content=\"3 minutes\" \/>\n<script type=\"application\/ld+json\" class=\"yoast-schema-graph\">{\"@context\":\"https:\\\/\\\/schema.org\",\"@graph\":[{\"@type\":\"WebPage\",\"@id\":\"https:\\\/\\\/cliniquespectrum.com\\\/fr\\\/evaluation-du-trouble-du-spectre-de-lautisme-chez-les-jeunes\\\/\",\"url\":\"https:\\\/\\\/cliniquespectrum.com\\\/fr\\\/evaluation-du-trouble-du-spectre-de-lautisme-chez-les-jeunes\\\/\",\"name\":\"L\u2019annonce du diagnostic et les recommandations dans l\u2019\u00e9valuation du trouble du spectre de l\u2019autisme chez les jeunes\u00a0 - Clinique Spectrum\",\"isPartOf\":{\"@id\":\"https:\\\/\\\/cliniquespectrum.com\\\/#website\"},\"primaryImageOfPage\":{\"@id\":\"https:\\\/\\\/cliniquespectrum.com\\\/fr\\\/evaluation-du-trouble-du-spectre-de-lautisme-chez-les-jeunes\\\/#primaryimage\"},\"image\":{\"@id\":\"https:\\\/\\\/cliniquespectrum.com\\\/fr\\\/evaluation-du-trouble-du-spectre-de-lautisme-chez-les-jeunes\\\/#primaryimage\"},\"thumbnailUrl\":\"https:\\\/\\\/cliniquespectrum.com\\\/wp-content\\\/uploads\\\/2026\\\/03\\\/Annonce-du-Dx-FR-Rebecca-16-Mars-2026-Nouvelle-date.jpg\",\"datePublished\":\"2025-04-09T16:17:26+00:00\",\"dateModified\":\"2026-03-02T17:33:29+00:00\",\"breadcrumb\":{\"@id\":\"https:\\\/\\\/cliniquespectrum.com\\\/fr\\\/evaluation-du-trouble-du-spectre-de-lautisme-chez-les-jeunes\\\/#breadcrumb\"},\"inLanguage\":\"fr-FR\",\"potentialAction\":[{\"@type\":\"ReadAction\",\"target\":[\"https:\\\/\\\/cliniquespectrum.com\\\/fr\\\/evaluation-du-trouble-du-spectre-de-lautisme-chez-les-jeunes\\\/\"]}]},{\"@type\":\"ImageObject\",\"inLanguage\":\"fr-FR\",\"@id\":\"https:\\\/\\\/cliniquespectrum.com\\\/fr\\\/evaluation-du-trouble-du-spectre-de-lautisme-chez-les-jeunes\\\/#primaryimage\",\"url\":\"https:\\\/\\\/cliniquespectrum.com\\\/wp-content\\\/uploads\\\/2026\\\/03\\\/Annonce-du-Dx-FR-Rebecca-16-Mars-2026-Nouvelle-date.jpg\",\"contentUrl\":\"https:\\\/\\\/cliniquespectrum.com\\\/wp-content\\\/uploads\\\/2026\\\/03\\\/Annonce-du-Dx-FR-Rebecca-16-Mars-2026-Nouvelle-date.jpg\",\"width\":800,\"height\":800,\"caption\":\"L\u2019annonce du diagnostic et les recommandations dans l\u2019\u00e9valuation du trouble du spectre de l\u2019autisme chez les jeunes\"},{\"@type\":\"BreadcrumbList\",\"@id\":\"https:\\\/\\\/cliniquespectrum.com\\\/fr\\\/evaluation-du-trouble-du-spectre-de-lautisme-chez-les-jeunes\\\/#breadcrumb\",\"itemListElement\":[{\"@type\":\"ListItem\",\"position\":1,\"name\":\"Home\",\"item\":\"https:\\\/\\\/cliniquespectrum.com\\\/fr\\\/\"},{\"@type\":\"ListItem\",\"position\":2,\"name\":\"L\u2019annonce du diagnostic et les recommandations dans l\u2019\u00e9valuation du trouble du spectre de l\u2019autisme chez les jeunes\u00a0\"}]},{\"@type\":\"WebSite\",\"@id\":\"https:\\\/\\\/cliniquespectrum.com\\\/#website\",\"url\":\"https:\\\/\\\/cliniquespectrum.com\\\/\",\"name\":\"Clinique Spectrum\",\"description\":\"dev site\",\"publisher\":{\"@id\":\"https:\\\/\\\/cliniquespectrum.com\\\/#organization\"},\"potentialAction\":[{\"@type\":\"SearchAction\",\"target\":{\"@type\":\"EntryPoint\",\"urlTemplate\":\"https:\\\/\\\/cliniquespectrum.com\\\/?s={search_term_string}\"},\"query-input\":{\"@type\":\"PropertyValueSpecification\",\"valueRequired\":true,\"valueName\":\"search_term_string\"}}],\"inLanguage\":\"fr-FR\"},{\"@type\":\"Organization\",\"@id\":\"https:\\\/\\\/cliniquespectrum.com\\\/#organization\",\"name\":\"Clinique Spectrum\",\"url\":\"https:\\\/\\\/cliniquespectrum.com\\\/\",\"logo\":{\"@type\":\"ImageObject\",\"inLanguage\":\"fr-FR\",\"@id\":\"https:\\\/\\\/cliniquespectrum.com\\\/#\\\/schema\\\/logo\\\/image\\\/\",\"url\":\"https:\\\/\\\/i2.wp.com\\\/cliniquespectrum.com\\\/wp-content\\\/uploads\\\/2018\\\/12\\\/clinique-spectrum-logo-1.jpg?fit=412%2C93&ssl=1\",\"contentUrl\":\"https:\\\/\\\/i2.wp.com\\\/cliniquespectrum.com\\\/wp-content\\\/uploads\\\/2018\\\/12\\\/clinique-spectrum-logo-1.jpg?fit=412%2C93&ssl=1\",\"width\":412,\"height\":93,\"caption\":\"Clinique Spectrum\"},\"image\":{\"@id\":\"https:\\\/\\\/cliniquespectrum.com\\\/#\\\/schema\\\/logo\\\/image\\\/\"},\"sameAs\":[\"https:\\\/\\\/www.facebook.com\\\/CliniqueSpectrum\\\/\"]}]}<\/script>\n<!-- \/ Yoast SEO plugin. -->","yoast_head_json":{"title":"L\u2019annonce du diagnostic et les recommandations dans l\u2019\u00e9valuation du trouble du spectre de l\u2019autisme chez les jeunes\u00a0 - Clinique Spectrum","robots":{"index":"index","follow":"follow","max-snippet":"max-snippet:-1","max-image-preview":"max-image-preview:large","max-video-preview":"max-video-preview:-1"},"canonical":"https:\/\/cliniquespectrum.com\/fr\/evaluation-du-trouble-du-spectre-de-lautisme-chez-les-jeunes\/","og_locale":"fr_FR","og_type":"article","og_title":"L\u2019annonce du diagnostic et les recommandations dans l\u2019\u00e9valuation du trouble du spectre de l\u2019autisme chez les jeunes\u00a0 - Clinique Spectrum","og_description":"Atelier en ligneL\u2019annonce du diagnostic et les recommandations dans l\u2019\u00e9valuation du trouble du spectre de l\u2019autisme chez les jeunes Date : Lundi 16 mars 2026, de 9h \u00e0 11h30 (2,5 heures)Format : En ligneFormatrice : Dre Rebecca SimonTarif : 250 $ CAD (plus TPS &amp; TVQ)Langue : Fran\u00e7aisCr\u00e9dit de formation continue : 2,5 heures reconnues [&hellip;]","og_url":"https:\/\/cliniquespectrum.com\/fr\/evaluation-du-trouble-du-spectre-de-lautisme-chez-les-jeunes\/","og_site_name":"Clinique Spectrum","article_publisher":"https:\/\/www.facebook.com\/CliniqueSpectrum\/","article_modified_time":"2026-03-02T17:33:29+00:00","og_image":[{"width":800,"height":800,"url":"https:\/\/cliniquespectrum.com\/wp-content\/uploads\/2026\/03\/Annonce-du-Dx-FR-Rebecca-16-Mars-2026-Nouvelle-date.jpg","type":"image\/jpeg"}],"twitter_card":"summary_large_image","twitter_misc":{"Dur\u00e9e de lecture estim\u00e9e":"3 minutes"},"schema":{"@context":"https:\/\/schema.org","@graph":[{"@type":"WebPage","@id":"https:\/\/cliniquespectrum.com\/fr\/evaluation-du-trouble-du-spectre-de-lautisme-chez-les-jeunes\/","url":"https:\/\/cliniquespectrum.com\/fr\/evaluation-du-trouble-du-spectre-de-lautisme-chez-les-jeunes\/","name":"L\u2019annonce du diagnostic et les recommandations dans l\u2019\u00e9valuation du trouble du spectre de l\u2019autisme chez les jeunes\u00a0 - Clinique Spectrum","isPartOf":{"@id":"https:\/\/cliniquespectrum.com\/#website"},"primaryImageOfPage":{"@id":"https:\/\/cliniquespectrum.com\/fr\/evaluation-du-trouble-du-spectre-de-lautisme-chez-les-jeunes\/#primaryimage"},"image":{"@id":"https:\/\/cliniquespectrum.com\/fr\/evaluation-du-trouble-du-spectre-de-lautisme-chez-les-jeunes\/#primaryimage"},"thumbnailUrl":"https:\/\/cliniquespectrum.com\/wp-content\/uploads\/2026\/03\/Annonce-du-Dx-FR-Rebecca-16-Mars-2026-Nouvelle-date.jpg","datePublished":"2025-04-09T16:17:26+00:00","dateModified":"2026-03-02T17:33:29+00:00","breadcrumb":{"@id":"https:\/\/cliniquespectrum.com\/fr\/evaluation-du-trouble-du-spectre-de-lautisme-chez-les-jeunes\/#breadcrumb"},"inLanguage":"fr-FR","potentialAction":[{"@type":"ReadAction","target":["https:\/\/cliniquespectrum.com\/fr\/evaluation-du-trouble-du-spectre-de-lautisme-chez-les-jeunes\/"]}]},{"@type":"ImageObject","inLanguage":"fr-FR","@id":"https:\/\/cliniquespectrum.com\/fr\/evaluation-du-trouble-du-spectre-de-lautisme-chez-les-jeunes\/#primaryimage","url":"https:\/\/cliniquespectrum.com\/wp-content\/uploads\/2026\/03\/Annonce-du-Dx-FR-Rebecca-16-Mars-2026-Nouvelle-date.jpg","contentUrl":"https:\/\/cliniquespectrum.com\/wp-content\/uploads\/2026\/03\/Annonce-du-Dx-FR-Rebecca-16-Mars-2026-Nouvelle-date.jpg","width":800,"height":800,"caption":"L\u2019annonce du diagnostic et les recommandations dans l\u2019\u00e9valuation du trouble du spectre de l\u2019autisme chez les jeunes"},{"@type":"BreadcrumbList","@id":"https:\/\/cliniquespectrum.com\/fr\/evaluation-du-trouble-du-spectre-de-lautisme-chez-les-jeunes\/#breadcrumb","itemListElement":[{"@type":"ListItem","position":1,"name":"Home","item":"https:\/\/cliniquespectrum.com\/fr\/"},{"@type":"ListItem","position":2,"name":"L\u2019annonce du diagnostic et les recommandations dans l\u2019\u00e9valuation du trouble du spectre de l\u2019autisme chez les jeunes\u00a0"}]},{"@type":"WebSite","@id":"https:\/\/cliniquespectrum.com\/#website","url":"https:\/\/cliniquespectrum.com\/","name":"Clinique Spectrum","description":"dev site","publisher":{"@id":"https:\/\/cliniquespectrum.com\/#organization"},"potentialAction":[{"@type":"SearchAction","target":{"@type":"EntryPoint","urlTemplate":"https:\/\/cliniquespectrum.com\/?s={search_term_string}"},"query-input":{"@type":"PropertyValueSpecification","valueRequired":true,"valueName":"search_term_string"}}],"inLanguage":"fr-FR"},{"@type":"Organization","@id":"https:\/\/cliniquespectrum.com\/#organization","name":"Clinique Spectrum","url":"https:\/\/cliniquespectrum.com\/","logo":{"@type":"ImageObject","inLanguage":"fr-FR","@id":"https:\/\/cliniquespectrum.com\/#\/schema\/logo\/image\/","url":"https:\/\/i2.wp.com\/cliniquespectrum.com\/wp-content\/uploads\/2018\/12\/clinique-spectrum-logo-1.jpg?fit=412%2C93&ssl=1","contentUrl":"https:\/\/i2.wp.com\/cliniquespectrum.com\/wp-content\/uploads\/2018\/12\/clinique-spectrum-logo-1.jpg?fit=412%2C93&ssl=1","width":412,"height":93,"caption":"Clinique Spectrum"},"image":{"@id":"https:\/\/cliniquespectrum.com\/#\/schema\/logo\/image\/"},"sameAs":["https:\/\/www.facebook.com\/CliniqueSpectrum\/"]}]}},"_links":{"self":[{"href":"https:\/\/cliniquespectrum.com\/fr\/wp-json\/wp\/v2\/pages\/8098","targetHints":{"allow":["GET"]}}],"collection":[{"href":"https:\/\/cliniquespectrum.com\/fr\/wp-json\/wp\/v2\/pages"}],"about":[{"href":"https:\/\/cliniquespectrum.com\/fr\/wp-json\/wp\/v2\/types\/page"}],"author":[{"embeddable":true,"href":"https:\/\/cliniquespectrum.com\/fr\/wp-json\/wp\/v2\/users\/1"}],"replies":[{"embeddable":true,"href":"https:\/\/cliniquespectrum.com\/fr\/wp-json\/wp\/v2\/comments?post=8098"}],"version-history":[{"count":5,"href":"https:\/\/cliniquespectrum.com\/fr\/wp-json\/wp\/v2\/pages\/8098\/revisions"}],"predecessor-version":[{"id":12708,"href":"https:\/\/cliniquespectrum.com\/fr\/wp-json\/wp\/v2\/pages\/8098\/revisions\/12708"}],"wp:featuredmedia":[{"embeddable":true,"href":"https:\/\/cliniquespectrum.com\/fr\/wp-json\/wp\/v2\/media\/12704"}],"wp:attachment":[{"href":"https:\/\/cliniquespectrum.com\/fr\/wp-json\/wp\/v2\/media?parent=8098"}],"curies":[{"name":"wp","href":"https:\/\/api.w.org\/{rel}","templated":true}]}}