{"id":8105,"date":"2025-04-09T12:21:01","date_gmt":"2025-04-09T16:21:01","guid":{"rendered":"https:\/\/cliniquespectrum.com\/?page_id=8105"},"modified":"2026-03-02T12:43:13","modified_gmt":"2026-03-02T17:43:13","slug":"formulaire-de-demande-formation-evaluation-du-trouble-du-spectre-de-lautisme-chez-les-jeunes-mar26","status":"publish","type":"page","link":"https:\/\/cliniquespectrum.com\/fr\/formulaire-de-demande-formation-evaluation-du-trouble-du-spectre-de-lautisme-chez-les-jeunes-mar26\/","title":{"rendered":"Formulaire d\u2019inscription \u2013 L\u2019annonce du diagnostic et les recommandations dans l\u2019\u00e9valuation du trouble du spectre de l\u2019autisme chez les jeunes\u00a0"},"content":{"rendered":"\n<h3 class=\"wp-block-heading\">Mercredi 25 f\u00e9vrier 2026, de 9 h \u00e0 11 h 30 (2,5 heures)<\/h3>\n\n\n\n<p>Formatrice : <a href=\"https:\/\/cliniquespectrum.com\/fr\/equipe\/#Simon\">Dre Rebecca Simon<\/a><br><a href=\"\/fr\/evaluation-du-trouble-du-spectre-de-lautisme-chez-les-jeunes\/\">Cliquer ici pour plus de d\u00e9tails<\/a><\/p>\n\n\n\n<hr class=\"wp-block-separator has-text-color has-cyan-bluish-gray-color has-css-opacity has-cyan-bluish-gray-background-color has-background\"\/>\n\n\n\n<div style=\"height:30px\" aria-hidden=\"true\" class=\"wp-block-spacer\"><\/div>\n\n\n\n<div class=\"seals-form\" style=\"text-align:center\"><img decoding=\"async\" src=\"https:\/\/cliniquespectrum.com\/wp-content\/uploads\/2022\/03\/OPQ-rectangle.jpg\" alt=\"2.5 hours of continuing education recognized by the Ordre des psychologues du Qu\u00e9bec\" style=\"margin-top:16.5px;\"> <img loading=\"lazy\" decoding=\"async\" src=\"https:\/\/cliniquespectrum.com\/wp-content\/uploads\/2025\/04\/Seal-2.5-heures-OPQ.jpg\" alt=\"2.5 hours of continuing education recognized by the Ordre des psychologues du Qu\u00e9bec\" width=\"120\" height=\"120\"> <span class=\"break\"><\/span><\/div>\n\n<div class=\"clear\"><\/div>\n\n\n\n<div style=\"height:15px\" aria-hidden=\"true\" class=\"wp-block-spacer\"><\/div>\n\n\n\n<p>Cette activit\u00e9 est reconnue pour 2.5 heures de formation continue en psychoth\u00e9rapie par l\u2019Ordre des psychologues du Qu\u00e9bec (l&rsquo;OPQ)<\/p>\n\n\n\n<div style=\"height:30px\" aria-hidden=\"true\" class=\"wp-block-spacer\"><\/div>\n\n\n\n<hr class=\"wp-block-separator has-text-color has-cyan-bluish-gray-color has-css-opacity has-cyan-bluish-gray-background-color has-background\"\/>\n\n\n\n<h2 class=\"wp-block-heading spacing\">Inscrivez-vous \u00e0 la formation en utilisant le formulaire ci-dessous. Vous recevrez par la suite un courriel d\u00e9taill\u00e9 concernant la suite des proc\u00e9dures et du paiement.<\/h2>\n\n\n\n<div style=\"height:15px\" aria-hidden=\"true\" class=\"wp-block-spacer\"><\/div>\n\n\n\n<h4 class=\"wp-block-heading\">Veuillez svp r\u00e9pondre \u00e0 toutes les questions en d\u00e9tails.<\/h4>\n\n\n\n<div class=\"wpcf7 no-js\" id=\"wpcf7-f8112-o1\" lang=\"fr-FR\" dir=\"ltr\" data-wpcf7-id=\"8112\">\n<div class=\"screen-reader-response\"><p role=\"status\" aria-live=\"polite\" aria-atomic=\"true\"><\/p> <ul><\/ul><\/div>\n<form action=\"\/fr\/wp-json\/wp\/v2\/pages\/8105#wpcf7-f8112-o1\" method=\"post\" class=\"wpcf7-form init\" aria-label=\"Formulaire de contact\" novalidate=\"novalidate\" data-status=\"init\">\n<fieldset class=\"hidden-fields-container\"><input type=\"hidden\" name=\"_wpcf7\" value=\"8112\" \/><input type=\"hidden\" name=\"_wpcf7_version\" value=\"6.1.5\" \/><input type=\"hidden\" name=\"_wpcf7_locale\" value=\"fr_FR\" \/><input type=\"hidden\" name=\"_wpcf7_unit_tag\" value=\"wpcf7-f8112-o1\" \/><input type=\"hidden\" name=\"_wpcf7_container_post\" value=\"0\" \/><input type=\"hidden\" name=\"_wpcf7_posted_data_hash\" value=\"\" \/>\n<\/fieldset>\n<div class=\"et_pb_contact training\">\n\t<p class=\"et_pb_contact_field_last\"><br \/>\n<label>Nom complet (requis) :<\/label><br \/>\n<span class=\"wpcf7-form-control-wrap\" data-name=\"full-name\"><input size=\"40\" maxlength=\"400\" class=\"wpcf7-form-control wpcf7-text wpcf7-validates-as-required\" aria-required=\"true\" aria-invalid=\"false\" value=\"\" type=\"text\" name=\"full-name\" \/><\/span>\n\t<\/p>\n\t<p class=\"et_pb_contact_field_half\"><br \/>\n<label>Courriel :<\/label><br \/>\n<span class=\"wpcf7-form-control-wrap\" data-name=\"email\"><input size=\"40\" maxlength=\"400\" class=\"wpcf7-form-control wpcf7-email wpcf7-text wpcf7-validates-as-email\" aria-invalid=\"false\" value=\"\" type=\"email\" name=\"email\" \/><\/span>\n\t<\/p>\n\t<p class=\"et_pb_contact_field_half second\"><br \/>\n<label>Num\u00e9ro de t\u00e9l\u00e9phone de jour :<\/label><br \/>\n<span class=\"wpcf7-form-control-wrap\" data-name=\"phone\"><input size=\"40\" maxlength=\"400\" class=\"wpcf7-form-control wpcf7-tel wpcf7-text wpcf7-validates-as-tel\" aria-invalid=\"false\" value=\"\" type=\"tel\" name=\"phone\" \/><\/span>\n\t<\/p>\n\t<p class=\"et_pb_contact_field_last\"><br \/>\n<label>Addresse postale :<\/label><br \/>\n<span class=\"wpcf7-form-control-wrap\" data-name=\"street\"><input size=\"40\" maxlength=\"400\" class=\"wpcf7-form-control wpcf7-text\" aria-invalid=\"false\" value=\"\" type=\"text\" name=\"street\" \/><\/span>\n\t<\/p>\n\t<p class=\"et_pb_contact_field_half\"><br \/>\n<label>Ville :<\/label><br \/>\n<span class=\"wpcf7-form-control-wrap\" data-name=\"city\"><input size=\"40\" maxlength=\"400\" class=\"wpcf7-form-control wpcf7-text\" aria-invalid=\"false\" value=\"\" type=\"text\" name=\"city\" \/><\/span>\n\t<\/p>\n\t<p class=\"et_pb_contact_field_half second\"><br \/>\n<label>Province :<\/label><br \/>\n<span class=\"wpcf7-form-control-wrap\" data-name=\"province\"><input size=\"40\" maxlength=\"400\" class=\"wpcf7-form-control wpcf7-text\" aria-invalid=\"false\" value=\"\" type=\"text\" name=\"province\" \/><\/span>\n\t<\/p>\n\t<p class=\"et_pb_contact_field_half\"><br \/>\n<label>Code postal :<\/label><br \/>\n<span class=\"wpcf7-form-control-wrap\" data-name=\"postalcode\"><input size=\"40\" maxlength=\"400\" class=\"wpcf7-form-control wpcf7-text\" aria-invalid=\"false\" value=\"\" type=\"text\" name=\"postalcode\" \/><\/span>\n\t<\/p>\n\t<p class=\"et_pb_contact_field_half second\"><br \/>\n<label>Pays :<\/label><br \/>\n<span class=\"wpcf7-form-control-wrap\" data-name=\"country\"><input size=\"40\" maxlength=\"400\" class=\"wpcf7-form-control wpcf7-text\" aria-invalid=\"false\" value=\"\" type=\"text\" name=\"country\" \/><\/span>\n\t<\/p>\n<hr \/>\n\t<p class=\"et_pb_contact_field_last\"><br \/>\n<label>Titre Professionnel et lieu de travail (pour les professionnels\/les) :<\/label><br \/>\n<span class=\"wpcf7-form-control-wrap\" data-name=\"title-work\"><input size=\"40\" maxlength=\"400\" class=\"wpcf7-form-control wpcf7-text\" aria-invalid=\"false\" value=\"\" type=\"text\" name=\"title-work\" \/><\/span>\n\t<\/p>\n\t<p class=\"et_pb_contact_field_last\"><br \/>\n<label>D\u00e9crivez bri\u00e8vement votre formation et\/ou exp\u00e9rience de travail avec les personnes atteintes de troubles du spectre de l\u2019autisme :<\/label><br \/>\n<span class=\"wpcf7-form-control-wrap\" data-name=\"formation\"><textarea cols=\"40\" rows=\"10\" maxlength=\"2000\" class=\"wpcf7-form-control wpcf7-textarea\" aria-invalid=\"false\" name=\"formation\"><\/textarea><\/span>\n\t<\/p>\n<hr \/>\n\t<p class=\"et_pb_contact_field_last\"><br \/>\n<label>Comment avez-vous entendu parler de nous ?<\/label><br \/>\n<span class=\"wpcf7-form-control-wrap\" data-name=\"entendu\"><span class=\"wpcf7-form-control wpcf7-radio\"><span class=\"wpcf7-list-item first\"><input type=\"radio\" name=\"entendu\" value=\"Notre site web\" checked=\"checked\" \/><span class=\"wpcf7-list-item-label\">Notre site web<\/span><\/span><span class=\"wpcf7-list-item\"><input type=\"radio\" name=\"entendu\" value=\"Coll\u00e8gues\/Amis\" \/><span class=\"wpcf7-list-item-label\">Coll\u00e8gues\/Amis<\/span><\/span><span class=\"wpcf7-list-item\"><input type=\"radio\" name=\"entendu\" value=\"\u00c9cole\" \/><span class=\"wpcf7-list-item-label\">\u00c9cole<\/span><\/span><span class=\"wpcf7-list-item last\"><input type=\"radio\" name=\"entendu\" value=\"Autre\" \/><span class=\"wpcf7-list-item-label\">Autre<\/span><\/span><\/span><\/span><br \/>\n<label>S'il s'agit d'un \u00e9cole ou autre, veuillez pr\u00e9ciser<\/label><br \/>\n<span class=\"wpcf7-form-control-wrap\" data-name=\"other\"><input size=\"40\" maxlength=\"400\" class=\"wpcf7-form-control wpcf7-text\" aria-invalid=\"false\" value=\"\" type=\"text\" name=\"other\" \/><\/span>\n\t<\/p>\n<\/div>\n<p><input class=\"wpcf7-form-control wpcf7-submit has-spinner\" type=\"submit\" value=\"Soumettre\" \/>\n<\/p><p style=\"display: none !important;\" class=\"akismet-fields-container\" data-prefix=\"_wpcf7_ak_\"><label>&#916;<textarea name=\"_wpcf7_ak_hp_textarea\" cols=\"45\" rows=\"8\" maxlength=\"100\"><\/textarea><\/label><input type=\"hidden\" id=\"ak_js_1\" name=\"_wpcf7_ak_js\" value=\"194\"\/><script>document.getElementById( \"ak_js_1\" ).setAttribute( \"value\", ( new Date() ).getTime() );<\/script><\/p><div class=\"wpcf7-response-output\" aria-hidden=\"true\"><\/div>\n<\/form>\n<\/div>\n\n\n\n\n<p><\/p>\n","protected":false},"excerpt":{"rendered":"<p>Mercredi 25 f\u00e9vrier 2026, de 9 h \u00e0 11 h 30 (2,5 heures) Formatrice : Dre Rebecca SimonCliquer ici pour plus de d\u00e9tails Cette activit\u00e9 est reconnue pour 2.5 heures de formation continue en psychoth\u00e9rapie par l\u2019Ordre des psychologues du Qu\u00e9bec (l&rsquo;OPQ) Inscrivez-vous \u00e0 la formation en utilisant le formulaire ci-dessous. Vous recevrez par la [&hellip;]<\/p>\n","protected":false},"author":1,"featured_media":8085,"parent":0,"menu_order":29,"comment_status":"closed","ping_status":"closed","template":"","meta":{"_et_pb_use_builder":"off","_et_pb_old_content":"","_et_gb_content_width":"","footnotes":""},"class_list":["post-8105","page","type-page","status-publish","has-post-thumbnail","hentry"],"yoast_head":"<!-- This site is optimized with the Yoast SEO plugin v27.3 - https:\/\/yoast.com\/product\/yoast-seo-wordpress\/ -->\n<title>Formulaire d\u2019inscription \u2013 L\u2019annonce du diagnostic et les recommandations dans l\u2019\u00e9valuation du trouble du spectre de l\u2019autisme chez les jeunes\u00a0 - Clinique Spectrum<\/title>\n<meta name=\"robots\" content=\"index, follow, max-snippet:-1, max-image-preview:large, max-video-preview:-1\" \/>\n<link rel=\"canonical\" href=\"https:\/\/cliniquespectrum.com\/fr\/formulaire-de-demande-formation-evaluation-du-trouble-du-spectre-de-lautisme-chez-les-jeunes-mar26\/\" \/>\n<meta property=\"og:locale\" content=\"fr_FR\" \/>\n<meta property=\"og:type\" content=\"article\" \/>\n<meta property=\"og:title\" content=\"Formulaire d\u2019inscription \u2013 L\u2019annonce du diagnostic et les recommandations dans l\u2019\u00e9valuation du trouble du spectre de l\u2019autisme chez les jeunes\u00a0 - Clinique Spectrum\" \/>\n<meta property=\"og:description\" content=\"Mercredi 25 f\u00e9vrier 2026, de 9 h \u00e0 11 h 30 (2,5 heures) Formatrice : Dre Rebecca SimonCliquer ici pour plus de d\u00e9tails Cette activit\u00e9 est reconnue pour 2.5 heures de formation continue en psychoth\u00e9rapie par l\u2019Ordre des psychologues du Qu\u00e9bec (l&rsquo;OPQ) Inscrivez-vous \u00e0 la formation en utilisant le formulaire ci-dessous. Vous recevrez par la [&hellip;]\" \/>\n<meta property=\"og:url\" content=\"https:\/\/cliniquespectrum.com\/fr\/formulaire-de-demande-formation-evaluation-du-trouble-du-spectre-de-lautisme-chez-les-jeunes-mar26\/\" \/>\n<meta property=\"og:site_name\" content=\"Clinique Spectrum\" \/>\n<meta property=\"article:publisher\" content=\"https:\/\/www.facebook.com\/CliniqueSpectrum\/\" \/>\n<meta property=\"article:modified_time\" content=\"2026-03-02T17:43:13+00:00\" \/>\n<meta property=\"og:image\" content=\"https:\/\/cliniquespectrum.com\/wp-content\/uploads\/2025\/04\/Annonce-du-Dx-FR-Rebecca-10-juin-2025-canva.png\" \/>\n\t<meta property=\"og:image:width\" content=\"800\" \/>\n\t<meta property=\"og:image:height\" content=\"800\" \/>\n\t<meta property=\"og:image:type\" content=\"image\/png\" \/>\n<meta name=\"twitter:card\" content=\"summary_large_image\" \/>\n<meta name=\"twitter:label1\" content=\"Dur\u00e9e de lecture estim\u00e9e\" \/>\n\t<meta name=\"twitter:data1\" content=\"2 minutes\" \/>\n<script type=\"application\/ld+json\" class=\"yoast-schema-graph\">{\"@context\":\"https:\\\/\\\/schema.org\",\"@graph\":[{\"@type\":\"WebPage\",\"@id\":\"https:\\\/\\\/cliniquespectrum.com\\\/fr\\\/formulaire-de-demande-formation-evaluation-du-trouble-du-spectre-de-lautisme-chez-les-jeunes-mar26\\\/\",\"url\":\"https:\\\/\\\/cliniquespectrum.com\\\/fr\\\/formulaire-de-demande-formation-evaluation-du-trouble-du-spectre-de-lautisme-chez-les-jeunes-mar26\\\/\",\"name\":\"Formulaire d\u2019inscription \u2013 L\u2019annonce du diagnostic et les recommandations dans l\u2019\u00e9valuation du trouble du spectre de l\u2019autisme chez les jeunes\u00a0 - Clinique Spectrum\",\"isPartOf\":{\"@id\":\"https:\\\/\\\/cliniquespectrum.com\\\/#website\"},\"primaryImageOfPage\":{\"@id\":\"https:\\\/\\\/cliniquespectrum.com\\\/fr\\\/formulaire-de-demande-formation-evaluation-du-trouble-du-spectre-de-lautisme-chez-les-jeunes-mar26\\\/#primaryimage\"},\"image\":{\"@id\":\"https:\\\/\\\/cliniquespectrum.com\\\/fr\\\/formulaire-de-demande-formation-evaluation-du-trouble-du-spectre-de-lautisme-chez-les-jeunes-mar26\\\/#primaryimage\"},\"thumbnailUrl\":\"https:\\\/\\\/cliniquespectrum.com\\\/wp-content\\\/uploads\\\/2025\\\/04\\\/Annonce-du-Dx-FR-Rebecca-10-juin-2025-canva.png\",\"datePublished\":\"2025-04-09T16:21:01+00:00\",\"dateModified\":\"2026-03-02T17:43:13+00:00\",\"breadcrumb\":{\"@id\":\"https:\\\/\\\/cliniquespectrum.com\\\/fr\\\/formulaire-de-demande-formation-evaluation-du-trouble-du-spectre-de-lautisme-chez-les-jeunes-mar26\\\/#breadcrumb\"},\"inLanguage\":\"fr-FR\",\"potentialAction\":[{\"@type\":\"ReadAction\",\"target\":[\"https:\\\/\\\/cliniquespectrum.com\\\/fr\\\/formulaire-de-demande-formation-evaluation-du-trouble-du-spectre-de-lautisme-chez-les-jeunes-mar26\\\/\"]}]},{\"@type\":\"ImageObject\",\"inLanguage\":\"fr-FR\",\"@id\":\"https:\\\/\\\/cliniquespectrum.com\\\/fr\\\/formulaire-de-demande-formation-evaluation-du-trouble-du-spectre-de-lautisme-chez-les-jeunes-mar26\\\/#primaryimage\",\"url\":\"https:\\\/\\\/cliniquespectrum.com\\\/wp-content\\\/uploads\\\/2025\\\/04\\\/Annonce-du-Dx-FR-Rebecca-10-juin-2025-canva.png\",\"contentUrl\":\"https:\\\/\\\/cliniquespectrum.com\\\/wp-content\\\/uploads\\\/2025\\\/04\\\/Annonce-du-Dx-FR-Rebecca-10-juin-2025-canva.png\",\"width\":800,\"height\":800,\"caption\":\"L\u2019annonce du diagnostic et les recommandations dans l\u2019\u00e9valuation du trouble du spectre de l\u2019autisme chez les jeunes\"},{\"@type\":\"BreadcrumbList\",\"@id\":\"https:\\\/\\\/cliniquespectrum.com\\\/fr\\\/formulaire-de-demande-formation-evaluation-du-trouble-du-spectre-de-lautisme-chez-les-jeunes-mar26\\\/#breadcrumb\",\"itemListElement\":[{\"@type\":\"ListItem\",\"position\":1,\"name\":\"Home\",\"item\":\"https:\\\/\\\/cliniquespectrum.com\\\/fr\\\/\"},{\"@type\":\"ListItem\",\"position\":2,\"name\":\"Formulaire d\u2019inscription \u2013 L\u2019annonce du diagnostic et les recommandations dans l\u2019\u00e9valuation du trouble du spectre de l\u2019autisme chez les jeunes\u00a0\"}]},{\"@type\":\"WebSite\",\"@id\":\"https:\\\/\\\/cliniquespectrum.com\\\/#website\",\"url\":\"https:\\\/\\\/cliniquespectrum.com\\\/\",\"name\":\"Clinique Spectrum\",\"description\":\"dev site\",\"publisher\":{\"@id\":\"https:\\\/\\\/cliniquespectrum.com\\\/#organization\"},\"potentialAction\":[{\"@type\":\"SearchAction\",\"target\":{\"@type\":\"EntryPoint\",\"urlTemplate\":\"https:\\\/\\\/cliniquespectrum.com\\\/?s={search_term_string}\"},\"query-input\":{\"@type\":\"PropertyValueSpecification\",\"valueRequired\":true,\"valueName\":\"search_term_string\"}}],\"inLanguage\":\"fr-FR\"},{\"@type\":\"Organization\",\"@id\":\"https:\\\/\\\/cliniquespectrum.com\\\/#organization\",\"name\":\"Clinique Spectrum\",\"url\":\"https:\\\/\\\/cliniquespectrum.com\\\/\",\"logo\":{\"@type\":\"ImageObject\",\"inLanguage\":\"fr-FR\",\"@id\":\"https:\\\/\\\/cliniquespectrum.com\\\/#\\\/schema\\\/logo\\\/image\\\/\",\"url\":\"https:\\\/\\\/i2.wp.com\\\/cliniquespectrum.com\\\/wp-content\\\/uploads\\\/2018\\\/12\\\/clinique-spectrum-logo-1.jpg?fit=412%2C93&ssl=1\",\"contentUrl\":\"https:\\\/\\\/i2.wp.com\\\/cliniquespectrum.com\\\/wp-content\\\/uploads\\\/2018\\\/12\\\/clinique-spectrum-logo-1.jpg?fit=412%2C93&ssl=1\",\"width\":412,\"height\":93,\"caption\":\"Clinique Spectrum\"},\"image\":{\"@id\":\"https:\\\/\\\/cliniquespectrum.com\\\/#\\\/schema\\\/logo\\\/image\\\/\"},\"sameAs\":[\"https:\\\/\\\/www.facebook.com\\\/CliniqueSpectrum\\\/\"]}]}<\/script>\n<!-- \/ Yoast SEO plugin. -->","yoast_head_json":{"title":"Formulaire d\u2019inscription \u2013 L\u2019annonce du diagnostic et les recommandations dans l\u2019\u00e9valuation du trouble du spectre de l\u2019autisme chez les jeunes\u00a0 - Clinique Spectrum","robots":{"index":"index","follow":"follow","max-snippet":"max-snippet:-1","max-image-preview":"max-image-preview:large","max-video-preview":"max-video-preview:-1"},"canonical":"https:\/\/cliniquespectrum.com\/fr\/formulaire-de-demande-formation-evaluation-du-trouble-du-spectre-de-lautisme-chez-les-jeunes-mar26\/","og_locale":"fr_FR","og_type":"article","og_title":"Formulaire d\u2019inscription \u2013 L\u2019annonce du diagnostic et les recommandations dans l\u2019\u00e9valuation du trouble du spectre de l\u2019autisme chez les jeunes\u00a0 - Clinique Spectrum","og_description":"Mercredi 25 f\u00e9vrier 2026, de 9 h \u00e0 11 h 30 (2,5 heures) Formatrice : Dre Rebecca SimonCliquer ici pour plus de d\u00e9tails Cette activit\u00e9 est reconnue pour 2.5 heures de formation continue en psychoth\u00e9rapie par l\u2019Ordre des psychologues du Qu\u00e9bec (l&rsquo;OPQ) Inscrivez-vous \u00e0 la formation en utilisant le formulaire ci-dessous. Vous recevrez par la [&hellip;]","og_url":"https:\/\/cliniquespectrum.com\/fr\/formulaire-de-demande-formation-evaluation-du-trouble-du-spectre-de-lautisme-chez-les-jeunes-mar26\/","og_site_name":"Clinique Spectrum","article_publisher":"https:\/\/www.facebook.com\/CliniqueSpectrum\/","article_modified_time":"2026-03-02T17:43:13+00:00","og_image":[{"width":800,"height":800,"url":"https:\/\/cliniquespectrum.com\/wp-content\/uploads\/2025\/04\/Annonce-du-Dx-FR-Rebecca-10-juin-2025-canva.png","type":"image\/png"}],"twitter_card":"summary_large_image","twitter_misc":{"Dur\u00e9e de lecture estim\u00e9e":"2 minutes"},"schema":{"@context":"https:\/\/schema.org","@graph":[{"@type":"WebPage","@id":"https:\/\/cliniquespectrum.com\/fr\/formulaire-de-demande-formation-evaluation-du-trouble-du-spectre-de-lautisme-chez-les-jeunes-mar26\/","url":"https:\/\/cliniquespectrum.com\/fr\/formulaire-de-demande-formation-evaluation-du-trouble-du-spectre-de-lautisme-chez-les-jeunes-mar26\/","name":"Formulaire d\u2019inscription \u2013 L\u2019annonce du diagnostic et les recommandations dans l\u2019\u00e9valuation du trouble du spectre de l\u2019autisme chez les jeunes\u00a0 - Clinique Spectrum","isPartOf":{"@id":"https:\/\/cliniquespectrum.com\/#website"},"primaryImageOfPage":{"@id":"https:\/\/cliniquespectrum.com\/fr\/formulaire-de-demande-formation-evaluation-du-trouble-du-spectre-de-lautisme-chez-les-jeunes-mar26\/#primaryimage"},"image":{"@id":"https:\/\/cliniquespectrum.com\/fr\/formulaire-de-demande-formation-evaluation-du-trouble-du-spectre-de-lautisme-chez-les-jeunes-mar26\/#primaryimage"},"thumbnailUrl":"https:\/\/cliniquespectrum.com\/wp-content\/uploads\/2025\/04\/Annonce-du-Dx-FR-Rebecca-10-juin-2025-canva.png","datePublished":"2025-04-09T16:21:01+00:00","dateModified":"2026-03-02T17:43:13+00:00","breadcrumb":{"@id":"https:\/\/cliniquespectrum.com\/fr\/formulaire-de-demande-formation-evaluation-du-trouble-du-spectre-de-lautisme-chez-les-jeunes-mar26\/#breadcrumb"},"inLanguage":"fr-FR","potentialAction":[{"@type":"ReadAction","target":["https:\/\/cliniquespectrum.com\/fr\/formulaire-de-demande-formation-evaluation-du-trouble-du-spectre-de-lautisme-chez-les-jeunes-mar26\/"]}]},{"@type":"ImageObject","inLanguage":"fr-FR","@id":"https:\/\/cliniquespectrum.com\/fr\/formulaire-de-demande-formation-evaluation-du-trouble-du-spectre-de-lautisme-chez-les-jeunes-mar26\/#primaryimage","url":"https:\/\/cliniquespectrum.com\/wp-content\/uploads\/2025\/04\/Annonce-du-Dx-FR-Rebecca-10-juin-2025-canva.png","contentUrl":"https:\/\/cliniquespectrum.com\/wp-content\/uploads\/2025\/04\/Annonce-du-Dx-FR-Rebecca-10-juin-2025-canva.png","width":800,"height":800,"caption":"L\u2019annonce du diagnostic et les recommandations dans l\u2019\u00e9valuation du trouble du spectre de l\u2019autisme chez les jeunes"},{"@type":"BreadcrumbList","@id":"https:\/\/cliniquespectrum.com\/fr\/formulaire-de-demande-formation-evaluation-du-trouble-du-spectre-de-lautisme-chez-les-jeunes-mar26\/#breadcrumb","itemListElement":[{"@type":"ListItem","position":1,"name":"Home","item":"https:\/\/cliniquespectrum.com\/fr\/"},{"@type":"ListItem","position":2,"name":"Formulaire d\u2019inscription \u2013 L\u2019annonce du diagnostic et les recommandations dans l\u2019\u00e9valuation du trouble du spectre de l\u2019autisme chez les jeunes\u00a0"}]},{"@type":"WebSite","@id":"https:\/\/cliniquespectrum.com\/#website","url":"https:\/\/cliniquespectrum.com\/","name":"Clinique Spectrum","description":"dev site","publisher":{"@id":"https:\/\/cliniquespectrum.com\/#organization"},"potentialAction":[{"@type":"SearchAction","target":{"@type":"EntryPoint","urlTemplate":"https:\/\/cliniquespectrum.com\/?s={search_term_string}"},"query-input":{"@type":"PropertyValueSpecification","valueRequired":true,"valueName":"search_term_string"}}],"inLanguage":"fr-FR"},{"@type":"Organization","@id":"https:\/\/cliniquespectrum.com\/#organization","name":"Clinique Spectrum","url":"https:\/\/cliniquespectrum.com\/","logo":{"@type":"ImageObject","inLanguage":"fr-FR","@id":"https:\/\/cliniquespectrum.com\/#\/schema\/logo\/image\/","url":"https:\/\/i2.wp.com\/cliniquespectrum.com\/wp-content\/uploads\/2018\/12\/clinique-spectrum-logo-1.jpg?fit=412%2C93&ssl=1","contentUrl":"https:\/\/i2.wp.com\/cliniquespectrum.com\/wp-content\/uploads\/2018\/12\/clinique-spectrum-logo-1.jpg?fit=412%2C93&ssl=1","width":412,"height":93,"caption":"Clinique Spectrum"},"image":{"@id":"https:\/\/cliniquespectrum.com\/#\/schema\/logo\/image\/"},"sameAs":["https:\/\/www.facebook.com\/CliniqueSpectrum\/"]}]}},"_links":{"self":[{"href":"https:\/\/cliniquespectrum.com\/fr\/wp-json\/wp\/v2\/pages\/8105","targetHints":{"allow":["GET"]}}],"collection":[{"href":"https:\/\/cliniquespectrum.com\/fr\/wp-json\/wp\/v2\/pages"}],"about":[{"href":"https:\/\/cliniquespectrum.com\/fr\/wp-json\/wp\/v2\/types\/page"}],"author":[{"embeddable":true,"href":"https:\/\/cliniquespectrum.com\/fr\/wp-json\/wp\/v2\/users\/1"}],"replies":[{"embeddable":true,"href":"https:\/\/cliniquespectrum.com\/fr\/wp-json\/wp\/v2\/comments?post=8105"}],"version-history":[{"count":5,"href":"https:\/\/cliniquespectrum.com\/fr\/wp-json\/wp\/v2\/pages\/8105\/revisions"}],"predecessor-version":[{"id":12484,"href":"https:\/\/cliniquespectrum.com\/fr\/wp-json\/wp\/v2\/pages\/8105\/revisions\/12484"}],"wp:featuredmedia":[{"embeddable":true,"href":"https:\/\/cliniquespectrum.com\/fr\/wp-json\/wp\/v2\/media\/8085"}],"wp:attachment":[{"href":"https:\/\/cliniquespectrum.com\/fr\/wp-json\/wp\/v2\/media?parent=8105"}],"curies":[{"name":"wp","href":"https:\/\/api.w.org\/{rel}","templated":true}]}}